{"id":6392,"date":"2023-09-18T08:41:19","date_gmt":"2023-09-18T06:41:19","guid":{"rendered":"https:\/\/grzeskowiak.com.pl\/?page_id=6392"},"modified":"2023-09-20T13:33:27","modified_gmt":"2023-09-20T11:33:27","slug":"fraechter","status":"publish","type":"page","link":"https:\/\/grzeskowiak.com.pl\/de\/fraechter\/","title":{"rendered":"Fr\u00e4chter"},"content":{"rendered":"<div class=\"wpb-content-wrapper\"><p>[vc_row full_width=&#8220;stretch_row&#8220; equal_height=&#8220;yes&#8220; css=&#8220;.vc_custom_1640091755489{margin-top: -130px !important;padding-top: 20px !important;padding-bottom: 60px !important;background-image: url(http:\/\/grzeskowiak.com.pl\/wp-content\/uploads\/2021\/12\/firma-transportowa-flota-wielkopolska-leszno-1920a-ovl3.jpg?id=3774) !important;background-position: center !important;background-repeat: no-repeat !important;background-size: cover !important;}&#8220; el_class=&#8220;imaheader&#8220;][vc_column][\/vc_column][\/vc_row][vc_row full_width=&#8220;stretch_row&#8220; equal_height=&#8220;yes&#8220; css=&#8220;.vc_custom_1653646895931{padding-top: 40px !important;padding-bottom: 40px !important;background-color: rgba(0,0,0,0.04) !important;*background-color: rgb(0,0,0) !important;}&#8220;][vc_column][vc_row_inner css=&#8220;.vc_custom_1653646890081{padding-bottom: 25px !important;}&#8220;][vc_column_inner css=&#8220;.vc_custom_1640614523980{padding-top: 40px !important;padding-bottom: 40px !important;}&#8220;]<div id=\"ultimate-heading-874269f317c1408c1\" class=\"uvc-heading ult-adjust-bottom-margin ultimate-heading-874269f317c1408c1 uvc-5710  uvc-heading-default-font-sizes\" data-hspacer=\"no_spacer\"  data-halign=\"center\" style=\"text-align:center\"><div class=\"uvc-heading-spacer no_spacer\" style=\"top\"><\/div><div class=\"uvc-main-heading ult-responsive\"  data-ultimate-target='.uvc-heading.ultimate-heading-874269f317c1408c1 h2'  data-responsive-json-new='{\"font-size\":\"\",\"line-height\":\"\"}' ><h2 style=\"font-weight:bold;color:#91141a;margin-bottom:11px;\">FR\u00c4CHTER \u2013 PARTNER!<\/h2><\/div><\/div>[\/vc_column_inner][\/vc_row_inner][vc_row_inner][vc_column_inner width=&#8220;1\/2&#8243; css=&#8220;.vc_custom_1575403372934{padding-bottom: 30px !important;}&#8220;][vc_column_text]<\/p>\n<h4><strong>Ganzj\u00e4hrige, regelm\u00e4\u00dfige Zusammenarbeit<\/strong><\/h4>\n<p>Wir bieten regelm\u00e4\u00dfige Zusammenarbeit, welche ein ganzes Jahr lang dauert.<\/p>\n<h4><strong>Routen<\/strong><\/h4>\n<p>Wir bieten Ladungen nach Deutschland, Frankreich, Belgien, Spanien, in die Niederlande und viele andere L\u00e4nder in West-Europa an.<\/p>\n<h4><strong>Zugeordneter Disponent<\/strong><\/h4>\n<p>Ein spezialisierter Disponent ist jederzeit f\u00fcr den Fahrer erreichbar.<\/p>\n<h4><strong>Express-Transporte<\/strong><\/h4>\n<p>Schnelle Beladungen und Entladungen. Geringer Anteil an schweren Ladungen und kein Paletten-Tausch.[\/vc_column_text][vc_empty_space][\/vc_column_inner][vc_column_inner width=&#8220;1\/2&#8243; css=&#8220;.vc_custom_1575403379152{padding-bottom: 30px !important;}&#8220;][vc_single_image image=&#8220;4735&#8243; img_size=&#8220;large&#8220;][\/vc_column_inner][\/vc_row_inner][vc_row_inner][vc_column_inner width=&#8220;1\/2&#8243; css=&#8220;.vc_custom_1575403379152{padding-bottom: 30px !important;}&#8220;][vc_single_image image=&#8220;4459&#8243; img_size=&#8220;full&#8220;][\/vc_column_inner][vc_column_inner width=&#8220;1\/2&#8243; css=&#8220;.vc_custom_1575403372934{padding-bottom: 30px !important;}&#8220;][vc_column_text]<\/p>\n<h4><strong>Wen suchen wir?<\/strong><\/h4>\n<p>Wir suchen Fr\u00e4chter f\u00fcr internationalen Transport mit eigenen Sattelzugmaschinen mit Aufliegern.<\/p>\n<p>&nbsp;<\/p>\n<h4><strong>Kein eigener Auflieger?<\/strong><\/h4>\n<p>Kein Problem, wir stellen dir unsere Auflieger zur Verf\u00fcgung.[\/vc_column_text][vc_empty_space][\/vc_column_inner][\/vc_row_inner][vc_row_inner css=&#8220;.vc_custom_1656001769420{padding-top: 33px !important;}&#8220;][vc_column_inner css=&#8220;.vc_custom_1641805035583{padding-bottom: 10px !important;}&#8220;]<div id=\"ultimate-heading-992769f317c14092c\" class=\"uvc-heading ult-adjust-bottom-margin ultimate-heading-992769f317c14092c uvc-3434  uvc-heading-default-font-sizes\" data-hspacer=\"no_spacer\"  data-halign=\"center\" style=\"text-align:center\"><div class=\"uvc-heading-spacer no_spacer\" style=\"top\"><\/div><div class=\"uvc-main-heading ult-responsive\"  data-ultimate-target='.uvc-heading.ultimate-heading-992769f317c14092c h2'  data-responsive-json-new='{\"font-size\":\"\",\"line-height\":\"\"}' ><h2 style=\"font-weight:bold;color:#91141a;margin-bottom:11px;\">M\u00d6CHTEN SIE MEHR VERDIENEN?<\/h2><\/div><\/div><style type=\"text\/css\" data-type=\"the7_shortcodes-inline-css\">#default-btn-ed0350829c19a171912a87e065f3481e.ico-right-side > i {\n  margin-right: 0px;\n  margin-left: 8px;\n}\n#default-btn-ed0350829c19a171912a87e065f3481e > i {\n  margin-right: 8px;\n}\n<\/style><div class=\"btn-align-center\"><a href=\"http:\/\/grzeskowiak.com.pl\/kontakt#eml\" class=\"default-btn-shortcode dt-btn dt-btn-s link-hover-off  vc_custom_1695209295296\" id=\"default-btn-ed0350829c19a171912a87e065f3481e\"><span>Kontaktieren Sie uns!<\/span><\/a><\/div>[\/vc_column_inner][\/vc_row_inner][\/vc_column][\/vc_row][vc_row full_width=&#8220;stretch_row&#8220; equal_height=&#8220;yes&#8220; css=&#8220;.vc_custom_1653645181791{padding-top: 5px !important;padding-bottom: 5px !important;background-color: #930404 !important;background-position: center !important;background-repeat: no-repeat !important;background-size: cover !important;}&#8220;][vc_column css=&#8220;.vc_custom_1653645921991{margin-top: 30px !important;padding-bottom: 60px !important;background-image: url(http:\/\/grzeskowiak.com.pl\/wp-content\/uploads\/2021\/12\/mapa-transport-miedzynarodowy-1920d-cr1.jpg?id=3799) !important;background-position: center !important;background-repeat: no-repeat !important;background-size: contain !important;}&#8220;][vc_row_inner][vc_column_inner css=&#8220;.vc_custom_1653645951821{margin-top: -50px !important;padding-top: 40px !important;padding-bottom: 40px !important;}&#8220;]<div id=\"ultimate-heading-954069f317c140abe\" class=\"uvc-heading ult-adjust-bottom-margin ultimate-heading-954069f317c140abe uvc-5037 upc uvc-heading-default-font-sizes\" data-hspacer=\"no_spacer\"  data-halign=\"center\" style=\"text-align:center\"><div class=\"uvc-heading-spacer no_spacer\" style=\"top\"><\/div><div class=\"uvc-main-heading ult-responsive\"  data-ultimate-target='.uvc-heading.ultimate-heading-954069f317c140abe h2'  data-responsive-json-new='{\"font-size\":\"\",\"line-height\":\"\"}' ><h2 style=\"font-weight:bold;color:#ffffff;margin-top:30px;margin-bottom:41px;\">Wir laden Fr\u00e4chter zur Zusammenarbeit ein!<\/h2><\/div><\/div>[\/vc_column_inner][\/vc_row_inner][vc_row_inner content_placement=&#8220;middle&#8220; css=&#8220;.vc_custom_1653645967597{margin-top: 0px !important;padding-top: 20px !important;padding-bottom: 50px !important;}&#8220;][vc_column_inner width=&#8220;1\/3&#8243;][vc_column_text el_class=&#8220;whitetxt&#8220;]<\/p>\n<p style=\"text-align: center;\">Du besitzt deine eigene Flotte und bist bereit f\u00fcr eine Herausforderung?<\/p>\n<p style=\"text-align: center;\">Du suchst nach langfristiger und fairer Zusammenarbeit?<\/p>\n<p style=\"text-align: center;\">Dann bist du hier gut aufgehoben!<\/p>\n<p>[\/vc_column_text][\/vc_column_inner][vc_column_inner width=&#8220;1\/3&#8243; css=&#8220;.vc_custom_1640097752873{margin-top: 0px !important;margin-right: 0px !important;margin-bottom: 0px !important;margin-left: 0px !important;padding-top: 0px !important;padding-right: 0px !important;padding-bottom: 0px !important;padding-left: 0px !important;}&#8220;][\/vc_column_inner][vc_column_inner width=&#8220;1\/3&#8243;][vc_column_text el_class=&#8220;whitetxt&#8220;]<\/p>\n<p style=\"text-align: center;\">Wir realisieren regelm\u00e4\u00dfig nationalen sowie internationalen Transport verschiedenster Ladungen.<\/p>\n<p style=\"text-align: center;\">Unsere Flotte f\u00fchrt t\u00e4glich Transporte von Waren, Maschinen, Rohmaterialien und vielen weiteren Ladungen aus.<\/p>\n<p>[\/vc_column_text][\/vc_column_inner][\/vc_row_inner][\/vc_column][\/vc_row][vc_row css=&#8220;.vc_custom_1656001683961{padding-top: 40px !important;padding-bottom: 30px !important;}&#8220;][vc_column css=&#8220;.vc_custom_1640250088661{padding-bottom: 0px !important;}&#8220;][vc_row_inner][vc_column_inner width=&#8220;1\/2&#8243; css=&#8220;.vc_custom_1640615796245{border-right-width: 3px !important;padding-top: 30px !important;padding-bottom: 20px !important;border-right-color: #91141a !important;border-right-style: solid !important;}&#8220; offset=&#8220;vc_col-lg-offset-0 vc_col-md-offset-0 vc_col-sm-offset-0 vc_col-xs-6&#8243;][\/vc_column_inner][\/vc_row_inner][vc_row_inner][vc_column_inner css=&#8220;.vc_custom_1641805035583{padding-bottom: 10px !important;}&#8220;]<style type=\"text\/css\" data-type=\"the7_shortcodes-inline-css\">#default-btn-34b8b8c722f747e159814a001267cc60.ico-right-side > i {\n  margin-right: 0px;\n  margin-left: 8px;\n}\n#default-btn-34b8b8c722f747e159814a001267cc60 > i {\n  margin-right: 8px;\n}\n<\/style><div class=\"btn-align-center\"><a href=\"http:\/\/grzeskowiak.com.pl\/kontakt#eml\" class=\"default-btn-shortcode dt-btn dt-btn-s link-hover-off  vc_custom_1695209601159\" id=\"default-btn-34b8b8c722f747e159814a001267cc60\"><span>Kontaktiere uns!<\/span><\/a><\/div>[\/vc_column_inner][\/vc_row_inner][\/vc_column][\/vc_row][vc_row css=&#8220;.vc_custom_1656001688099{padding-top: 10px !important;padding-bottom: 60px !important;}&#8220;][vc_column width=&#8220;1\/6&#8243; css=&#8220;.vc_custom_1640250088661{padding-bottom: 0px !important;}&#8220;][\/vc_column][vc_column width=&#8220;2\/3&#8243;][vc_video link=&#8220;https:\/\/www.youtube.com\/watch?v=OlqHMRW_ZwM&#8220;][\/vc_column][vc_column width=&#8220;1\/6&#8243;][\/vc_column][\/vc_row]<\/p>\n<\/div>","protected":false},"excerpt":{"rendered":"<p>[vc_row full_width=&#8220;stretch_row&#8220; equal_height=&#8220;yes&#8220; css=&#8220;.vc_custom_1640091755489{margin-top: -130px !important;padding-top: 20px !important;padding-bottom: 60px !important;background-image: url(http:\/\/grzeskowiak.com.pl\/wp-content\/uploads\/2021\/12\/firma-transportowa-flota-wielkopolska-leszno-1920a-ovl3.jpg?id=3774) !important;background-position: center !important;background-repeat: no-repeat !important;background-size: cover !important;}&#8220; el_class=&#8220;imaheader&#8220;][vc_column][\/vc_column][\/vc_row][vc_row full_width=&#8220;stretch_row&#8220; equal_height=&#8220;yes&#8220; css=&#8220;.vc_custom_1653646895931{padding-top: 40px !important;padding-bottom: 40px !important;background-color: rgba(0,0,0,0.04) !important;*background-color: rgb(0,0,0) !important;}&#8220;][vc_column][vc_row_inner css=&#8220;.vc_custom_1653646890081{padding-bottom: 25px !important;}&#8220;][vc_column_inner css=&#8220;.vc_custom_1640614523980{padding-top: 40px !important;padding-bottom: 40px !important;}&#8220;][\/vc_column_inner][\/vc_row_inner][vc_row_inner][vc_column_inner width=&#8220;1\/2&#8243; css=&#8220;.vc_custom_1575403372934{padding-bottom: 30px !important;}&#8220;][vc_column_text] Ganzj\u00e4hrige, regelm\u00e4\u00dfige Zusammenarbeit Wir bieten regelm\u00e4\u00dfige Zusammenarbeit, welche ein ganzes Jahr lang dauert.&hellip;<\/p>\n","protected":false},"author":1,"featured_media":0,"parent":0,"menu_order":0,"comment_status":"closed","ping_status":"closed","template":"","meta":{"footnotes":""},"class_list":["post-6392","page","type-page","status-publish","hentry","description-off"],"_links":{"self":[{"href":"https:\/\/grzeskowiak.com.pl\/de\/wp-json\/wp\/v2\/pages\/6392","targetHints":{"allow":["GET"]}}],"collection":[{"href":"https:\/\/grzeskowiak.com.pl\/de\/wp-json\/wp\/v2\/pages"}],"about":[{"href":"https:\/\/grzeskowiak.com.pl\/de\/wp-json\/wp\/v2\/types\/page"}],"author":[{"embeddable":true,"href":"https:\/\/grzeskowiak.com.pl\/de\/wp-json\/wp\/v2\/users\/1"}],"replies":[{"embeddable":true,"href":"https:\/\/grzeskowiak.com.pl\/de\/wp-json\/wp\/v2\/comments?post=6392"}],"version-history":[{"count":5,"href":"https:\/\/grzeskowiak.com.pl\/de\/wp-json\/wp\/v2\/pages\/6392\/revisions"}],"predecessor-version":[{"id":6475,"href":"https:\/\/grzeskowiak.com.pl\/de\/wp-json\/wp\/v2\/pages\/6392\/revisions\/6475"}],"wp:attachment":[{"href":"https:\/\/grzeskowiak.com.pl\/de\/wp-json\/wp\/v2\/media?parent=6392"}],"curies":[{"name":"wp","href":"https:\/\/api.w.org\/{rel}","templated":true}]}}