{"id":5514,"date":"2022-01-10T10:17:26","date_gmt":"2022-01-10T09:17:26","guid":{"rendered":"https:\/\/grzeskowiak.com.pl\/praca\/"},"modified":"2023-09-19T15:36:23","modified_gmt":"2023-09-19T13:36:23","slug":"work-offers","status":"publish","type":"page","link":"https:\/\/grzeskowiak.com.pl\/en\/work-offers\/","title":{"rendered":"Work offers"},"content":{"rendered":"<div class=\"wpb-content-wrapper\"><p>[vc_row full_width=&#8221;stretch_row&#8221; equal_height=&#8221;yes&#8221; css=&#8221;.vc_custom_1656507000099{margin-top: -130px !important;padding-top: 20px !important;padding-bottom: 60px !important;background-image: url(http:\/\/grzeskowiak.com.pl\/wp-content\/uploads\/2022\/06\/flota-transportowa-leszno-grzesckowiak-1920dd-short.jpg?id=4530) !important;background-position: center !important;background-repeat: no-repeat !important;background-size: cover !important;}&#8221; el_class=&#8221;imaheader&#8221;][vc_column][\/vc_column][\/vc_row][vc_row full_width=&#8221;stretch_row&#8221; equal_height=&#8221;yes&#8221; css=&#8221;.vc_custom_1655714171229{padding-top: 60px !important;padding-bottom: 40px !important;background-color: rgba(255,255,255,0.04) !important;*background-color: rgb(255,255,255) !important;}&#8221;][vc_column][vc_row_inner][vc_column_inner width=&#8221;1\/2&#8243; css=&#8221;.vc_custom_1575403372934{padding-bottom: 30px !important;}&#8221;][vc_column_text css=&#8221;.vc_custom_1678269619540{padding-bottom: 5px !important;}&#8221;]<\/p>\n<h3>Jobs for C+E drivers<\/h3>\n<p>[\/vc_column_text][vc_column_text]<\/p>\n<h2>Domestic and international transport<\/h2>\n<h3><\/h3>\n<p>[\/vc_column_text][vc_empty_space height=&#8221;12px&#8221;][vc_column_text]<\/p>\n<div class=\"ctyt\">\n<p>We are hiring C and E category drivers for domestic and international transport.<br \/>\nCompany headquarters \/ Transportation base: Leszno<\/p>\n<\/div>\n<p>[\/vc_column_text]<style type=\"text\/css\" data-type=\"the7_shortcodes-inline-css\">#default-btn-c73f477a4b021ad0d545402efeebcb4f.ico-right-side > i {\n  margin-right: 0px;\n  margin-left: 8px;\n}\n#default-btn-c73f477a4b021ad0d545402efeebcb4f > i {\n  margin-right: 8px;\n}\n<\/style><a href=\"https:\/\/grzeskowiak.com.pl\/en\/contact\/#eml\" class=\"default-btn-shortcode dt-btn dt-btn-s link-hover-off btn-inline-left  vc_custom_1695124129725\" id=\"default-btn-c73f477a4b021ad0d545402efeebcb4f\"><span>Contact us!<\/span><\/a>[vc_empty_space height=&#8221;22px&#8221;][\/vc_column_inner][vc_column_inner width=&#8221;1\/2&#8243; css=&#8221;.vc_custom_1575403379152{padding-bottom: 30px !important;}&#8221;][vc_column_text]<\/p>\n<h4>We offer:<\/h4>\n<ul>\n<li>Attractive salary<\/li>\n<li>Dedicated dispatcher, who is available 24\/7<\/li>\n<li>Support in terms of routes and parking spaces<\/li>\n<li>Technical support<\/li>\n<li>Jobs in domestic transport<\/li>\n<li>Promotions<\/li>\n<li>Various forms of employment (employment contract, freelance, business)<\/li>\n<li>Possibility to use group insurance.<\/li>\n<li>Stable job in a company with an established position in the national and international TSL industry<\/li>\n<li>Being part of a cohesive team<\/li>\n<li>Support in obtaining qualifications.<\/li>\n<\/ul>\n<p>[\/vc_column_text][\/vc_column_inner][\/vc_row_inner][\/vc_column][\/vc_row][vc_row full_width=&#8221;stretch_row&#8221; equal_height=&#8221;yes&#8221; css=&#8221;.vc_custom_1655714209930{padding-top: 60px !important;padding-bottom: 40px !important;background-color: rgba(0,0,0,0.04) !important;*background-color: rgb(0,0,0) !important;}&#8221;][vc_column][vc_column_text css=&#8221;.vc_custom_1695124486586{padding-bottom: 35px !important;}&#8221;]<\/p>\n<h2 style=\"text-align: center;\">Contact us!<\/h2>\n<p>[\/vc_column_text]\n<div class=\"wpcf7 no-js\" id=\"wpcf7-f5180-o1\" lang=\"pl-PL\" dir=\"ltr\" data-wpcf7-id=\"5180\">\n<div class=\"screen-reader-response\"><p role=\"status\" aria-live=\"polite\" aria-atomic=\"true\"><\/p> <ul><\/ul><\/div>\n<form action=\"\/en\/wp-json\/wp\/v2\/pages\/5514#wpcf7-f5180-o1\" method=\"post\" class=\"wpcf7-form init\" aria-label=\"Formularz kontaktowy\" novalidate=\"novalidate\" data-status=\"init\">\n<fieldset class=\"hidden-fields-container\"><input type=\"hidden\" name=\"_wpcf7\" value=\"5180\" \/><input type=\"hidden\" name=\"_wpcf7_version\" value=\"6.1.4\" \/><input type=\"hidden\" name=\"_wpcf7_locale\" value=\"pl_PL\" \/><input type=\"hidden\" name=\"_wpcf7_unit_tag\" value=\"wpcf7-f5180-o1\" \/><input type=\"hidden\" name=\"_wpcf7_container_post\" value=\"0\" \/><input type=\"hidden\" name=\"_wpcf7_posted_data_hash\" value=\"\" \/>\n<\/fieldset>\n<p><span class=\"wpcf7-form-control-wrap\" data-name=\"your-name\"><input size=\"40\" maxlength=\"400\" class=\"wpcf7-form-control wpcf7-text wpcf7-validates-as-required\" aria-required=\"true\" aria-invalid=\"false\" placeholder=\"Name and surname (required field)\" value=\"\" type=\"text\" name=\"your-name\" \/><\/span>\n<\/p>\n<p><span class=\"wpcf7-form-control-wrap\" data-name=\"your-email\"><input size=\"40\" maxlength=\"400\" class=\"wpcf7-form-control wpcf7-email wpcf7-validates-as-required wpcf7-text wpcf7-validates-as-email\" aria-required=\"true\" aria-invalid=\"false\" placeholder=\"Email (required field)\" value=\"\" type=\"email\" name=\"your-email\" \/><\/span>\n<\/p>\n<p><span class=\"wpcf7-form-control-wrap\" data-name=\"tel-1\"><input size=\"40\" maxlength=\"400\" class=\"wpcf7-form-control wpcf7-tel wpcf7-validates-as-required wpcf7-text wpcf7-validates-as-tel\" aria-required=\"true\" aria-invalid=\"false\" placeholder=\"Phone number (required field)\" value=\"\" type=\"tel\" name=\"tel-1\" \/><\/span>\n<\/p>\n<p><span class=\"wpcf7-form-control-wrap\" data-name=\"your-message\"><textarea cols=\"40\" rows=\"10\" maxlength=\"2000\" class=\"wpcf7-form-control wpcf7-textarea wpcf7-validates-as-required\" aria-required=\"true\" aria-invalid=\"false\" placeholder=\"Message (required)\" name=\"your-message\"><\/textarea><\/span><br \/>\n<span class=\"wpcf7-form-control-wrap\" data-name=\"acceptance-560\"><span class=\"wpcf7-form-control wpcf7-acceptance\"><span class=\"wpcf7-list-item\"><label><input type=\"checkbox\" name=\"acceptance-560\" value=\"1\" aria-invalid=\"false\" \/><span class=\"wpcf7-list-item-label\">I confirm that I acknowledge the \"<a href=\"https:\/\/grzeskowiak.com.pl\/en\/gdpr-privacy-policy\/\" target=\"_blank\">privacy policy<\/a>\".<\/span><\/label><\/span><\/span><\/span>\n<\/p>\n<p><input class=\"wpcf7-form-control wpcf7-submit has-spinner\" type=\"submit\" value=\"Send\" \/>\n<\/p><div class=\"wpcf7-response-output\" aria-hidden=\"true\"><\/div>\n<\/form>\n<\/div>\n[\/vc_column][\/vc_row][vc_row full_width=&#8221;stretch_row&#8221; equal_height=&#8221;yes&#8221; css=&#8221;.vc_custom_1654253212779{padding-top: 60px !important;padding-bottom: 40px !important;background-color: #930404 !important;}&#8221;][vc_column][vc_empty_space height=&#8221;55px&#8221;][vc_column_text el_class=&#8221;whitetxth3&#8243;]<\/p>\n<h3 style=\"text-align: center;\">Want to become a truck-driver?<\/h3>\n<h2><\/h2>\n<p>[\/vc_column_text][vc_empty_space height=&#8221;22px&#8221;][vc_column_text el_class=&#8221;whitetxt&#8221;]<\/p>\n<p style=\"text-align: center;\">Drivers, who own a category B driving license, are only one step away from becoming a professional truck driver.<br \/>\nIf you are 21 years old and have gone through medical psychological evaluations, you can try to obtain a category C, and later a category E driving license.After finishing the course and passing the examinations, you will get the necessary certificates, which are needed in order to drive a truck.<br \/>\nIt\u2019s important to note that whilst attending the courses for the category C or C+E, one should try to acquire a Vocational Qualification Certificate.<\/p>\n<h2><\/h2>\n<p>[\/vc_column_text][vc_empty_space height=&#8221;55px&#8221;][\/vc_column][\/vc_row][vc_row full_width=&#8221;stretch_row&#8221; equal_height=&#8221;yes&#8221; css=&#8221;.vc_custom_1640614712396{padding-top: 60px !important;padding-bottom: 40px !important;background-color: rgba(0,0,0,0.04) !important;*background-color: rgb(0,0,0) !important;}&#8221;][vc_column][vc_column_text]<\/p>\n<h3 style=\"text-align: center;\">Necessary steps, which give you the possibility<br \/>\nof getting a C+E driving license and receiving a job position at CL Grze\u015bkowiak<\/h3>\n<h2><\/h2>\n<p>[\/vc_column_text][vc_empty_space height=&#8221;66px&#8221;]<div class=\"smile-icon-timeline-wrap csstime   \"     style=\"\"><div class=\"timeline-line \" style=\"border-right-color:;\"><span><\/span><\/div><div class=\"timeline-wrapper\"><div class=\"timeline-block \"><div class=\"timeline-dot\"><\/div><div class=\"ult-timeline-arrow\"><s><\/s><l><\/l><\/div><div class=\"timeline-icon-block\"><div class=\"ult-timeline-icon \" style=\"   \"><div class=\"ult-just-icon-wrapper  \"><div class=\"align-icon\" style=\"text-align:center;\">\n<div class=\"aio-icon-img  uavc-circle \" style=\"font-size:48px;background:#ffffff;display:inline-block;\" >\n\t<img decoding=\"async\" class=\"img-icon\" alt=\"przewoznicy-leszno-ikona\" src=\"https:\/\/grzeskowiak.com.pl\/wp-content\/uploads\/2021\/12\/przewoznicy-leszno-ikona.png\"\/>\n<\/div><\/div><\/div><\/div> <!-- icon --><\/div><div class=\"timeline-header-block\" >\n\t\t\t\t\t\t\t<div id=\"timeline-item-1845\" class=\"timeline-header\" style=\"\"><h3 class=\"ult-timeline-title ult-responsive\"  data-ultimate-target='#timeline-item-1845 .ult-timeline-title'  data-responsive-json-new='{\"font-size\":\"\",\"line-height\":\"\"}'  style=\"\">Category B driving license,<br \/>\nmedical and psychological examinations.<\/h3><div class=\"ult-responsive timeline-item-spt\"  data-ultimate-target='#timeline-item-1845 .timeline-item-spt'  data-responsive-json-new='{\"font-size\":\"\",\"line-height\":\"\"}'  style=\"\"><\/div><\/div> <!-- header --><\/div><\/div><div class=\"timeline-block \"><div class=\"timeline-dot\"><\/div><div class=\"ult-timeline-arrow\"><s><\/s><l><\/l><\/div><div class=\"timeline-icon-block\"><div class=\"ult-timeline-icon \" style=\"   \"><div class=\"ult-just-icon-wrapper  \"><div class=\"align-icon\" style=\"text-align:center;\">\n<div class=\"aio-icon-img  uavc-circle \" style=\"font-size:48px;background:#ffffff;display:inline-block;\" >\n\t<img decoding=\"async\" class=\"img-icon\" alt=\"przewoznicy-leszno-ikona\" src=\"https:\/\/grzeskowiak.com.pl\/wp-content\/uploads\/2021\/12\/przewoznicy-leszno-ikona.png\"\/>\n<\/div><\/div><\/div><\/div> <!-- icon --><\/div><div class=\"timeline-header-block\" >\n\t\t\t\t\t\t\t<div id=\"timeline-item-8416\" class=\"timeline-header\" style=\"\"><h3 class=\"ult-timeline-title ult-responsive\"  data-ultimate-target='#timeline-item-8416 .ult-timeline-title'  data-responsive-json-new='{\"font-size\":\"\",\"line-height\":\"\"}'  style=\"\">C + E driving license course<\/h3><div class=\"ult-responsive timeline-item-spt\"  data-ultimate-target='#timeline-item-8416 .timeline-item-spt'  data-responsive-json-new='{\"font-size\":\"\",\"line-height\":\"\"}'  style=\"\"><\/div><\/div> <!-- header --><\/div><\/div><div class=\"timeline-block tlico\"><div class=\"timeline-dot\"><\/div><div class=\"ult-timeline-arrow\"><s><\/s><l><\/l><\/div><div class=\"timeline-icon-block\"><div class=\"ult-timeline-icon \" style=\"   \"><div class=\"ult-just-icon-wrapper  \"><div class=\"align-icon\" style=\"text-align:center;\">\n<div class=\"aio-icon-img  uavc-circle \" style=\"font-size:48px;background:#ffffff;display:inline-block;\" >\n\t<img decoding=\"async\" class=\"img-icon\" alt=\"przewoznicy-leszno-ikona\" src=\"https:\/\/grzeskowiak.com.pl\/wp-content\/uploads\/2021\/12\/przewoznicy-leszno-ikona.png\"\/>\n<\/div><\/div><\/div><\/div> <!-- icon --><\/div><div class=\"timeline-header-block\" >\n\t\t\t\t\t\t\t<div id=\"timeline-item-5120\" class=\"timeline-header\" style=\"\"><h3 class=\"ult-timeline-title ult-responsive\"  data-ultimate-target='#timeline-item-5120 .ult-timeline-title'  data-responsive-json-new='{\"font-size\":\"\",\"line-height\":\"\"}'  style=\"\">Theoretical and practical examinations +Course for getting a Vocational Qualification Certificate<\/h3><div class=\"ult-responsive timeline-item-spt\"  data-ultimate-target='#timeline-item-5120 .timeline-item-spt'  data-responsive-json-new='{\"font-size\":\"\",\"line-height\":\"\"}'  style=\"\"><\/div><\/div> <!-- header --><\/div><\/div><div class=\"timeline-block tlico\"><div class=\"timeline-dot\"><\/div><div class=\"ult-timeline-arrow\"><s><\/s><l><\/l><\/div><div class=\"timeline-icon-block\"><div class=\"ult-timeline-icon \" style=\"   \"><div class=\"ult-just-icon-wrapper  \"><div class=\"align-icon\" style=\"text-align:center;\">\n<div class=\"aio-icon-img  uavc-circle \" style=\"font-size:48px;background:#ffffff;display:inline-block;\" >\n\t<img decoding=\"async\" class=\"img-icon\" alt=\"przewoznicy-leszno-ikona\" src=\"https:\/\/grzeskowiak.com.pl\/wp-content\/uploads\/2021\/12\/przewoznicy-leszno-ikona.png\"\/>\n<\/div><\/div><\/div><\/div> <!-- icon --><\/div><div class=\"timeline-header-block\" >\n\t\t\t\t\t\t\t<div id=\"timeline-item-3338\" class=\"timeline-header\" style=\"\"><h3 class=\"ult-timeline-title ult-responsive\"  data-ultimate-target='#timeline-item-3338 .ult-timeline-title'  data-responsive-json-new='{\"font-size\":\"\",\"line-height\":\"\"}'  style=\"\">Receiving a category C+E driving license +Receiving a Vocational Qualification Certificate (code 95)<\/h3><div class=\"ult-responsive timeline-item-spt\"  data-ultimate-target='#timeline-item-3338 .timeline-item-spt'  data-responsive-json-new='{\"font-size\":\"\",\"line-height\":\"\"}'  style=\"\"><\/div><\/div> <!-- header --><\/div><\/div><div class=\"timeline-block tlico\"><div class=\"timeline-dot\"><\/div><div class=\"ult-timeline-arrow\"><s><\/s><l><\/l><\/div><div class=\"timeline-icon-block\"><div class=\"ult-timeline-icon \" style=\"   \"><div class=\"ult-just-icon-wrapper  \"><div class=\"align-icon\" style=\"text-align:center;\">\n<div class=\"aio-icon-img  uavc-circle \" style=\"font-size:48px;background:#ffffff;display:inline-block;\" >\n\t<img decoding=\"async\" class=\"img-icon\" alt=\"przewoznicy-leszno-ikona\" src=\"https:\/\/grzeskowiak.com.pl\/wp-content\/uploads\/2021\/12\/przewoznicy-leszno-ikona.png\"\/>\n<\/div><\/div><\/div><\/div> <!-- icon --><\/div><div class=\"timeline-header-block\" >\n\t\t\t\t\t\t\t<div id=\"timeline-item-3733\" class=\"timeline-header\" style=\"\"><h3 class=\"ult-timeline-title ult-responsive\"  data-ultimate-target='#timeline-item-3733 .ult-timeline-title'  data-responsive-json-new='{\"font-size\":\"\",\"line-height\":\"\"}'  style=\"\">Submission of a job application at CL Grze\u015bkowiak<\/h3><div class=\"ult-responsive timeline-item-spt\"  data-ultimate-target='#timeline-item-3733 .timeline-item-spt'  data-responsive-json-new='{\"font-size\":\"\",\"line-height\":\"\"}'  style=\"\"><\/div><\/div> <!-- header --><\/div><\/div><div class=\"timeline-block tlico\"><div class=\"timeline-dot\"><\/div><div class=\"ult-timeline-arrow\"><s><\/s><l><\/l><\/div><div class=\"timeline-icon-block\"><div class=\"ult-timeline-icon \" style=\"   \"><div class=\"ult-just-icon-wrapper  \"><div class=\"align-icon\" style=\"text-align:center;\">\n<div class=\"aio-icon-img  uavc-circle \" style=\"font-size:48px;background:#ffffff;display:inline-block;\" >\n\t<img decoding=\"async\" class=\"img-icon\" alt=\"przewoznicy-leszno-ikona\" src=\"https:\/\/grzeskowiak.com.pl\/wp-content\/uploads\/2021\/12\/przewoznicy-leszno-ikona.png\"\/>\n<\/div><\/div><\/div><\/div> <!-- icon --><\/div><div class=\"timeline-header-block\" >\n\t\t\t\t\t\t\t<div id=\"timeline-item-6343\" class=\"timeline-header\" style=\"\"><h3 class=\"ult-timeline-title ult-responsive\"  data-ultimate-target='#timeline-item-6343 .ult-timeline-title'  data-responsive-json-new='{\"font-size\":\"\",\"line-height\":\"\"}'  style=\"\">Training at CL Grze\u015bkowiak<\/h3><div class=\"ult-responsive timeline-item-spt\"  data-ultimate-target='#timeline-item-6343 .timeline-item-spt'  data-responsive-json-new='{\"font-size\":\"\",\"line-height\":\"\"}'  style=\"\"><\/div><\/div> <!-- header --><\/div><\/div><div class=\"timeline-block tlico\"><div class=\"timeline-dot\"><\/div><div class=\"ult-timeline-arrow\"><s><\/s><l><\/l><\/div><div class=\"timeline-icon-block\"><div class=\"ult-timeline-icon \" style=\"   \"><div class=\"ult-just-icon-wrapper  \"><div class=\"align-icon\" style=\"text-align:center;\">\n<div class=\"aio-icon-img  uavc-circle \" style=\"font-size:48px;background:#ffffff;display:inline-block;\" >\n\t<img decoding=\"async\" class=\"img-icon\" alt=\"przewoznicy-leszno-ikona\" src=\"https:\/\/grzeskowiak.com.pl\/wp-content\/uploads\/2021\/12\/przewoznicy-leszno-ikona.png\"\/>\n<\/div><\/div><\/div><\/div> <!-- icon --><\/div><div class=\"timeline-header-block\" >\n\t\t\t\t\t\t\t<div id=\"timeline-item-6964\" class=\"timeline-header\" style=\"\"><h3 class=\"ult-timeline-title ult-responsive\"  data-ultimate-target='#timeline-item-6964 .ult-timeline-title'  data-responsive-json-new='{\"font-size\":\"\",\"line-height\":\"\"}'  style=\"\">Start of your work in truck transportation<\/h3><div class=\"ult-responsive timeline-item-spt\"  data-ultimate-target='#timeline-item-6964 .timeline-item-spt'  data-responsive-json-new='{\"font-size\":\"\",\"line-height\":\"\"}'  style=\"\"><\/div><\/div> <!-- header --><\/div><\/div><\/div><\/div>[\/vc_column][\/vc_row][vc_row full_width=&#8221;stretch_row&#8221; equal_height=&#8221;yes&#8221; disable_element=&#8221;yes&#8221; css=&#8221;.vc_custom_1656495020234{padding-top: 5px !important;padding-bottom: 5px !important;background-color: #930404 !important;background-position: center !important;background-repeat: no-repeat !important;background-size: cover !important;}&#8221;][vc_column css=&#8221;.vc_custom_1640614620411{padding-bottom: 60px !important;background-image: url(http:\/\/grzeskowiak.com.pl\/wp-content\/uploads\/2021\/12\/mapa-transport-miedzynarodowy-1920d-cr1.jpg?id=3799) !important;background-position: center !important;background-repeat: no-repeat !important;background-size: contain !important;}&#8221;][vc_row_inner][vc_column_inner css=&#8221;.vc_custom_1640614523980{padding-top: 40px !important;padding-bottom: 40px !important;}&#8221;]<div id=\"ultimate-heading-265269f1bcbd5ea37\" class=\"uvc-heading ult-adjust-bottom-margin ultimate-heading-265269f1bcbd5ea37 uvc-2256 upc uvc-heading-default-font-sizes\" data-hspacer=\"no_spacer\"  data-halign=\"center\" style=\"text-align:center\"><div class=\"uvc-heading-spacer no_spacer\" style=\"top\"><\/div><div class=\"uvc-main-heading ult-responsive\"  data-ultimate-target='.uvc-heading.ultimate-heading-265269f1bcbd5ea37 h2'  data-responsive-json-new='{\"font-size\":\"\",\"line-height\":\"\"}' ><h2 style=\"font-weight:bold;color:#ffffff;margin-bottom:11px;\">Praca - Leszno - firma spedycyjna<\/h2><\/div><\/div>[\/vc_column_inner][\/vc_row_inner][vc_row_inner content_placement=&#8221;middle&#8221; css=&#8221;.vc_custom_1640099356107{margin-top: 0px !important;padding-top: 0px !important;}&#8221;][vc_column_inner width=&#8221;1\/3&#8243;]<div id=\"ultimate-heading-225769f1bcbd5eab2\" class=\"uvc-heading ult-adjust-bottom-margin ultimate-heading-225769f1bcbd5eab2 uvc-2988 upc uvc-heading-default-font-sizes\" data-hspacer=\"no_spacer\"  data-halign=\"center\" style=\"text-align:center\"><div class=\"uvc-heading-spacer no_spacer\" style=\"top\"><\/div><div class=\"uvc-main-heading ult-responsive\"  data-ultimate-target='.uvc-heading.ultimate-heading-225769f1bcbd5eab2 h2'  data-responsive-json-new='{\"font-size\":\"\",\"line-height\":\"\"}' ><h2 style=\"font-weight:bold;color:#ffffff;margin-bottom:5px;\">Kierowca CE Leszno<\/h2><\/div><\/div>[vc_column_text el_class=&#8221;whitetxt&#8221;]<\/p>\n<p style=\"text-align: center;\">Atrakcyjna praca dla kierowc\u00f3w kategorii CE &#8211; siedziba floty w Lesznie.<\/p>\n<p>[\/vc_column_text][\/vc_column_inner][vc_column_inner width=&#8221;1\/3&#8243; css=&#8221;.vc_custom_1640097752873{margin-top: 0px !important;margin-right: 0px !important;margin-bottom: 0px !important;margin-left: 0px !important;padding-top: 0px !important;padding-right: 0px !important;padding-bottom: 0px !important;padding-left: 0px !important;}&#8221;][\/vc_column_inner][vc_column_inner width=&#8221;1\/3&#8243;]<div id=\"ultimate-heading-882369f1bcbd5eb17\" class=\"uvc-heading ult-adjust-bottom-margin ultimate-heading-882369f1bcbd5eb17 uvc-5508 upc uvc-heading-default-font-sizes\" data-hspacer=\"no_spacer\"  data-halign=\"center\" style=\"text-align:center\"><div class=\"uvc-heading-spacer no_spacer\" style=\"top\"><\/div><div class=\"uvc-main-heading ult-responsive\"  data-ultimate-target='.uvc-heading.ultimate-heading-882369f1bcbd5eb17 h2'  data-responsive-json-new='{\"font-size\":\"\",\"line-height\":\"\"}' ><h2 style=\"font-weight:bold;color:#ffffff;margin-bottom:5px;\">Spedytor TLS Leszno<\/h2><\/div><\/div>[vc_column_text el_class=&#8221;whitetxt&#8221;]<\/p>\n<p style=\"text-align: center;\">Atrakcyjna praca dla spedytor\u00f3w.<\/p>\n<p style=\"text-align: center;\">Miejsce pracy &#8211; komfortowa siedziba\u00a0 w Lesznie.<\/p>\n<p>[\/vc_column_text][\/vc_column_inner][\/vc_row_inner][\/vc_column][\/vc_row][vc_row full_width=&#8221;stretch_row&#8221; equal_height=&#8221;yes&#8221; disable_element=&#8221;yes&#8221; css=&#8221;.vc_custom_1656494979199{padding-top: 60px !important;padding-bottom: 40px !important;background-color: rgba(0,0,0,0.04) !important;*background-color: rgb(0,0,0) !important;}&#8221;][vc_column][vc_row_inner][vc_column_inner width=&#8221;1\/2&#8243; css=&#8221;.vc_custom_1575403372934{padding-bottom: 30px !important;}&#8221;][vc_column_text]<\/p>\n<h2>przewozy krajowe i mi\u0119dzynarodowe<\/h2>\n<p>[\/vc_column_text][vc_column_text]<\/p>\n<h3>Praca dla spedytora<\/h3>\n<h3><\/h3>\n<p>[\/vc_column_text][vc_empty_space height=&#8221;12px&#8221;][vc_column_text]<\/p>\n<div class=\"ctyt\">Zatrudnimy spedytor\u00f3w w bran\u017cy TLS w transporcie mi\u0119dzynarodowym i krajowym<\/div>\n<div class=\"uni_text\">\n<p>Siedziba firmy \/ baza transportowa: Leszno<\/p>\n<\/div>\n<p>[\/vc_column_text]<style type=\"text\/css\" data-type=\"the7_shortcodes-inline-css\">#default-btn-82da5528dd5fa5a894aa9d93b597866b.ico-right-side > i {\n  margin-right: 0px;\n  margin-left: 8px;\n}\n#default-btn-82da5528dd5fa5a894aa9d93b597866b > i {\n  margin-right: 8px;\n}\n<\/style><a href=\"http:\/\/grzeskowiak.com.pl\/kontakt#eml\" class=\"default-btn-shortcode dt-btn dt-btn-s link-hover-off btn-inline-left  vc_custom_1641806750897\" id=\"default-btn-82da5528dd5fa5a894aa9d93b597866b\"><span>skontaktuj si\u0119 z nami<\/span><\/a>[\/vc_column_inner][vc_column_inner width=&#8221;1\/2&#8243; css=&#8221;.vc_custom_1575403379152{padding-bottom: 30px !important;}&#8221;][vc_column_text]<\/p>\n<h4>Zadania:<\/h4>\n<ul>\n<li>planowanie transportu towar\u00f3w lub os\u00f3b z uwzgl\u0119dnianiem efektywno\u015bci i bezpiecze\u0144stwa<\/li>\n<li>koordynowanie transportu produkt\u00f3w lub os\u00f3b, aby transport zosta\u0142 przeprowadzony w spos\u00f3b bezpieczny i terminowy<\/li>\n<li>monitorowanie obs\u0142ugiwanych zlece\u0144 na poszczeg\u00f3lnych etapach procesu (za\u0142adunek, roz\u0142adunek, przesy\u0142ka w trasie) oraz kontrola czasu poszczeg\u00f3lnych etap\u00f3w<\/li>\n<li>obs\u0142uga i komunikacja ze zleceniodawc\u0105 &#8211; Spedytor jest w sta\u0142ym kontakcie ze zleceniodawc\u0105, aby na bie\u017c\u0105co informowa\u0107 o post\u0119pie w procesie, ale te\u017c reagowa\u0107 na zmiany w trakcie transportu<\/li>\n<\/ul>\n<p>[\/vc_column_text][\/vc_column_inner][\/vc_row_inner][\/vc_column][\/vc_row]<\/p>\n<\/div>","protected":false},"excerpt":{"rendered":"<p>[vc_row full_width=&#8221;stretch_row&#8221; equal_height=&#8221;yes&#8221; css=&#8221;.vc_custom_1656507000099{margin-top: -130px !important;padding-top: 20px !important;padding-bottom: 60px !important;background-image: url(http:\/\/grzeskowiak.com.pl\/wp-content\/uploads\/2022\/06\/flota-transportowa-leszno-grzesckowiak-1920dd-short.jpg?id=4530) !important;background-position: center !important;background-repeat: no-repeat !important;background-size: cover !important;}&#8221; el_class=&#8221;imaheader&#8221;][vc_column][\/vc_column][\/vc_row][vc_row full_width=&#8221;stretch_row&#8221; equal_height=&#8221;yes&#8221; css=&#8221;.vc_custom_1655714171229{padding-top: 60px !important;padding-bottom: 40px !important;background-color: rgba(255,255,255,0.04) !important;*background-color: rgb(255,255,255) !important;}&#8221;][vc_column][vc_row_inner][vc_column_inner width=&#8221;1\/2&#8243; css=&#8221;.vc_custom_1575403372934{padding-bottom: 30px !important;}&#8221;][vc_column_text css=&#8221;.vc_custom_1678269619540{padding-bottom: 5px !important;}&#8221;] Jobs for C+E drivers [\/vc_column_text][vc_column_text] Domestic and international transport [\/vc_column_text][vc_empty_space height=&#8221;12px&#8221;][vc_column_text] We are hiring C and E category&hellip;<\/p>\n","protected":false},"author":1,"featured_media":0,"parent":0,"menu_order":0,"comment_status":"closed","ping_status":"closed","template":"","meta":{"footnotes":""},"class_list":["post-5514","page","type-page","status-publish","hentry","description-off"],"_links":{"self":[{"href":"https:\/\/grzeskowiak.com.pl\/en\/wp-json\/wp\/v2\/pages\/5514","targetHints":{"allow":["GET"]}}],"collection":[{"href":"https:\/\/grzeskowiak.com.pl\/en\/wp-json\/wp\/v2\/pages"}],"about":[{"href":"https:\/\/grzeskowiak.com.pl\/en\/wp-json\/wp\/v2\/types\/page"}],"author":[{"embeddable":true,"href":"https:\/\/grzeskowiak.com.pl\/en\/wp-json\/wp\/v2\/users\/1"}],"replies":[{"embeddable":true,"href":"https:\/\/grzeskowiak.com.pl\/en\/wp-json\/wp\/v2\/comments?post=5514"}],"version-history":[{"count":10,"href":"https:\/\/grzeskowiak.com.pl\/en\/wp-json\/wp\/v2\/pages\/5514\/revisions"}],"predecessor-version":[{"id":6465,"href":"https:\/\/grzeskowiak.com.pl\/en\/wp-json\/wp\/v2\/pages\/5514\/revisions\/6465"}],"wp:attachment":[{"href":"https:\/\/grzeskowiak.com.pl\/en\/wp-json\/wp\/v2\/media?parent=5514"}],"curies":[{"name":"wp","href":"https:\/\/api.w.org\/{rel}","templated":true}]}}